{"id":7881,"date":"2022-09-28T06:54:03","date_gmt":"2022-09-28T06:54:03","guid":{"rendered":"https:\/\/teespace.harutheme.com\/services\/?page_id=7881"},"modified":"2025-12-19T17:13:58","modified_gmt":"2025-12-19T17:13:58","slug":"stampa","status":"publish","type":"page","link":"https:\/\/poligraf.cc\/index.php\/stampa\/","title":{"rendered":"Stampa"},"content":{"rendered":"\t\t<div data-elementor-type=\"wp-page\" data-elementor-id=\"7881\" class=\"elementor elementor-7881\" data-elementor-post-type=\"page\">\n\t\t\t\t<div class=\"elementor-element elementor-element-2a1de61 e-flex e-con-boxed e-con e-parent\" data-id=\"2a1de61\" data-element_type=\"container\" data-e-type=\"container\">\n\t\t\t\t\t<div class=\"e-con-inner\">\n\t\t\t\t<div class=\"elementor-element elementor-element-42285b8 elementor-widget elementor-widget-text-editor\" data-id=\"42285b8\" data-element_type=\"widget\" data-e-type=\"widget\" data-widget_type=\"text-editor.default\">\n\t\t\t\t\t\t\t\t\t<p><em>La stampa \u00e8 il momento in cui ogni progetto prende forma. Grazie alla nostra esperienza poligrafica e a tecnologie di ultima generazione, trasformiamo file digitali in prodotti stampati di alta qualit\u00e0, curati nel dettaglio e pensati per durare nel tempo. La scelta accurata dei supporti, l\u2019attenzione alle esigenze del cliente e il costante controllo cromatico ci permettono di offrire risultati impeccabili, anche per le lavorazioni pi\u00f9 complesse.<\/em><\/p>\t\t\t\t\t\t\t\t<\/div>\n\t\t\t\t\t<\/div>\n\t\t\t\t<\/div>\n\t\t<div class=\"elementor-element elementor-element-a03777f e-flex e-con-boxed e-con e-parent\" data-id=\"a03777f\" data-element_type=\"container\" data-e-type=\"container\">\n\t\t\t\t\t<div class=\"e-con-inner\">\n\t\t<div class=\"elementor-element elementor-element-68b1e8b e-con-full e-flex e-con e-child\" data-id=\"68b1e8b\" data-element_type=\"container\" data-e-type=\"container\">\n\t\t\t\t<div class=\"elementor-element elementor-element-c09f372 elementor-widget elementor-widget-haru-heading\" data-id=\"c09f372\" data-element_type=\"widget\" data-e-type=\"widget\" data-widget_type=\"haru-heading.default\">\n\t\t\t\t<div class=\"elementor-widget-container\">\n\t\t\t\t\t<h2 class=\"haru-heading-title haru-heading-title--sub-heading-3\">reparto stampa <\/h2>\t\t\t\t<\/div>\n\t\t\t\t<\/div>\n\t\t\t\t<div class=\"elementor-element elementor-element-3c979dc elementor-widget elementor-widget-haru-heading\" data-id=\"3c979dc\" data-element_type=\"widget\" data-e-type=\"widget\" data-widget_type=\"haru-heading.default\">\n\t\t\t\t<div class=\"elementor-widget-container\">\n\t\t\t\t\t<h2 class=\"haru-heading-title haru-heading-title--heading-9\">L\u2019arte della Stampa<\/h2>\t\t\t\t<\/div>\n\t\t\t\t<\/div>\n\t\t\t\t<\/div>\n\t\t\t\t\t<\/div>\n\t\t\t\t<\/div>\n\t\t<div class=\"elementor-element elementor-element-3fc62ab section-bg-gray-3 e-flex e-con-boxed e-con e-parent\" data-id=\"3fc62ab\" data-element_type=\"container\" data-e-type=\"container\">\n\t\t\t\t\t<div class=\"e-con-inner\">\n\t\t<div class=\"elementor-element elementor-element-9cb6f5a e-con-full e-flex e-con e-child\" data-id=\"9cb6f5a\" data-element_type=\"container\" data-e-type=\"container\">\n\t\t\t\t<div class=\"elementor-element elementor-element-4df4e1d elementor-widget elementor-widget-haru-banner\" data-id=\"4df4e1d\" data-element_type=\"widget\" data-e-type=\"widget\" data-widget_type=\"haru-banner.default\">\n\t\t\t\t<div class=\"elementor-widget-container\">\n\t\t\t\t\t\n                            <div class=\"haru-banner haru-banner--style-0 haru-banner--hover-scale\">\n                    \n\t\t\t\t<div class=\"haru-banner__image\">\n\t\t\t\t<img decoding=\"async\" src=\"https:\/\/poligraf.cc\/wp-content\/uploads\/2025\/12\/Progetto-senza-titolo-48-scaled.png\" alt=\"Poligraf\">\n\t\t\t<\/div>\n\t\n\n\n\n\n\n\n\n\n\n\n\n\n\n                <\/div>\n            \n            \t\t\t\t<\/div>\n\t\t\t\t<\/div>\n\t\t\t\t<\/div>\n\t\t<div class=\"elementor-element elementor-element-dcda62a e-con-full e-flex e-con e-child\" data-id=\"dcda62a\" data-element_type=\"container\" data-e-type=\"container\">\n\t\t\t\t<div class=\"elementor-element elementor-element-cdf2c00 elementor-widget elementor-widget-haru-accordion\" data-id=\"cdf2c00\" data-element_type=\"widget\" data-e-type=\"widget\" data-widget_type=\"haru-accordion.default\">\n\t\t\t\t<div class=\"elementor-widget-container\">\n\t\t\t\t\t\n                          <!--   <div class=\"haru-accordion haru-accordion--style-3 decor-stampa\" role=\"tablist\">\n                                    <\/div> -->\n                <div class=\"haru-accordion haru-accordion--style-3 decor-stampa\" role=\"tablist\">\n                    \n                                            <div class=\"haru-accordion-item active\">\n                            <div id=\"haru-tab-title-2151\" class=\"haru-tab-title active\" data-tab=\"1\" role=\"tab\" aria-controls=\"haru-tab-content-2151\">\n                                                                    <span class=\"haru-accordion-icon haru-accordion-icon-right\" aria-hidden=\"true\">\n                                                                            <span class=\"haru-accordion-icon-closed\"><i class=\"phosphor phosphor-caret-down\"><\/i><\/span>\n                                        <span class=\"haru-accordion-icon-opened\"><\/span>\n                                                                        <\/span>\n                                                                <a class=\"haru-accordion-title\" href=\"\">Diamo valore ai vostri progetti <\/a>\n                            <\/div>\n                            <div id=\"haru-tab-content-2151\" class=\"haru-tab-content haru-clearfix active\" data-tab=\"1\" aria-labelledby=\"haru-tab-title-2151\"><p>La fase di stampa rappresenta il cuore del nostro lavoro: trasformiamo idee, creativit\u00e0 e file grafici in prodotti concreti, curati in ogni dettaglio. Le nostre macchine da stampa offset sono collegate direttamente al reparto di prestampa, garantendo un flusso costante e ottimizzato, dalla ricezione della commessa fino al controllo qualit\u00e0 finale. Ogni processo viene supervisionato con precisione per assicurare colori fedeli, stabilit\u00e0 cromatica e risultati impeccabili.<\/p><\/div>\n                        <\/div>\n                                            <div class=\"haru-accordion-item \">\n                            <div id=\"haru-tab-title-2152\" class=\"haru-tab-title\" data-tab=\"2\" role=\"tab\" aria-controls=\"haru-tab-content-2152\">\n                                                                    <span class=\"haru-accordion-icon haru-accordion-icon-right\" aria-hidden=\"true\">\n                                                                            <span class=\"haru-accordion-icon-closed\"><i class=\"phosphor phosphor-caret-down\"><\/i><\/span>\n                                        <span class=\"haru-accordion-icon-opened\"><\/span>\n                                                                        <\/span>\n                                                                <a class=\"haru-accordion-title\" href=\"\">Precisione, controllo e affidabilit\u00e0<\/a>\n                            <\/div>\n                            <div id=\"haru-tab-content-2152\" class=\"haru-tab-content haru-clearfix\" data-tab=\"2\" aria-labelledby=\"haru-tab-title-2152\"><p data-start=\"807\" data-end=\"1191\">I nostri impianti sono dotati di sistemi automatici per la regolazione dei calamai e per il controllo densitometrico del foglio, assicurando uniformit\u00e0 e qualit\u00e0 costante su tutte le tirature, anche quelle pi\u00f9 ampie. L\u2019integrazione tra prestampa e stampa consente regolazioni immediate e un monitoraggio continuo, offrendo una produzione rapida, controllata e senza margini di errore.<\/p><\/div>\n                        <\/div>\n                                            <div class=\"haru-accordion-item \">\n                            <div id=\"haru-tab-title-2153\" class=\"haru-tab-title\" data-tab=\"3\" role=\"tab\" aria-controls=\"haru-tab-content-2153\">\n                                                                    <span class=\"haru-accordion-icon haru-accordion-icon-right\" aria-hidden=\"true\">\n                                                                            <span class=\"haru-accordion-icon-closed\"><i class=\"phosphor phosphor-caret-down\"><\/i><\/span>\n                                        <span class=\"haru-accordion-icon-opened\"><\/span>\n                                                                        <\/span>\n                                                                <a class=\"haru-accordion-title\" href=\"\">Capacit\u00e0 produttiva e formati disponibili<\/a>\n                            <\/div>\n                            <div id=\"haru-tab-content-2153\" class=\"haru-tab-content haru-clearfix\" data-tab=\"3\" aria-labelledby=\"haru-tab-title-2153\"><p>Disponiamo di macchinari che permettono la stampa di grandi formati fino a <strong data-start=\"1371\" data-end=\"1389\">120,5 \u00d7 164 cm<\/strong>, ideali per cataloghi, packaging, editoria, espositori e prodotti di pregio.<br data-start=\"1466\" data-end=\"1469\" \/>Le nostre linee includono:<\/p><ul><li>KBA 162 \u2013 5 colori<\/li><li>KBA 142 \u2013 4 colori<\/li><\/ul><\/div>\n                        <\/div>\n                    \n                    \n                    \n                                    <\/div>\n                \n            \n            \t\t\t\t<\/div>\n\t\t\t\t<\/div>\n\t\t\t\t<\/div>\n\t\t\t\t\t<\/div>\n\t\t\t\t<\/div>\n\t\t\t\t<\/div>\n\t\t","protected":false},"excerpt":{"rendered":"<p>La stampa \u00e8 il momento in cui ogni progetto prende forma. Grazie alla nostra esperienza poligrafica e a tecnologie di ultima generazione, trasformiamo file digitali in prodotti stampati di alta qualit\u00e0, curati nel dettaglio e pensati per durare nel tempo. La scelta accurata dei supporti, l\u2019attenzione alle esigenze del cliente e il costante controllo cromatico [&hellip;]<\/p>\n","protected":false},"author":1,"featured_media":0,"parent":0,"menu_order":0,"comment_status":"closed","ping_status":"closed","template":"","meta":{"footnotes":""},"class_list":["post-7881","page","type-page","status-publish","hentry"],"yoast_head":"<!-- This site is optimized with the Yoast SEO plugin v27.2 - https:\/\/yoast.com\/product\/yoast-seo-wordpress\/ -->\n<title>Stampa - Poligraf<\/title>\n<meta name=\"robots\" content=\"index, follow, max-snippet:-1, max-image-preview:large, max-video-preview:-1\" \/>\n<link rel=\"canonical\" href=\"https:\/\/poligraf.cc\/index.php\/stampa\/\" \/>\n<meta property=\"og:locale\" content=\"it_IT\" \/>\n<meta property=\"og:type\" content=\"article\" \/>\n<meta property=\"og:title\" content=\"Stampa - Poligraf\" \/>\n<meta property=\"og:description\" content=\"La stampa \u00e8 il momento in cui ogni progetto prende forma. Grazie alla nostra esperienza poligrafica e a tecnologie di ultima generazione, trasformiamo file digitali in prodotti stampati di alta qualit\u00e0, curati nel dettaglio e pensati per durare nel tempo. La scelta accurata dei supporti, l\u2019attenzione alle esigenze del cliente e il costante controllo cromatico [&hellip;]\" \/>\n<meta property=\"og:url\" content=\"https:\/\/poligraf.cc\/index.php\/stampa\/\" \/>\n<meta property=\"og:site_name\" content=\"Poligraf\" \/>\n<meta property=\"article:modified_time\" content=\"2025-12-19T17:13:58+00:00\" \/>\n<meta property=\"og:image\" content=\"https:\/\/sweet-blackburn.162-19-221-177.plesk.page\/wp-content\/uploads\/2025\/12\/Progetto-senza-titolo-48-scaled.png\" \/>\n<meta name=\"twitter:card\" content=\"summary_large_image\" \/>\n<meta name=\"twitter:label1\" content=\"Tempo di lettura stimato\" \/>\n\t<meta name=\"twitter:data1\" content=\"2 minuti\" \/>\n<script type=\"application\/ld+json\" class=\"yoast-schema-graph\">{\"@context\":\"https:\/\/schema.org\",\"@graph\":[{\"@type\":\"WebPage\",\"@id\":\"https:\/\/poligraf.cc\/index.php\/stampa\/\",\"url\":\"https:\/\/poligraf.cc\/index.php\/stampa\/\",\"name\":\"Stampa - Poligraf\",\"isPartOf\":{\"@id\":\"https:\/\/poligraf.cc\/#website\"},\"primaryImageOfPage\":{\"@id\":\"https:\/\/poligraf.cc\/index.php\/stampa\/#primaryimage\"},\"image\":{\"@id\":\"https:\/\/poligraf.cc\/index.php\/stampa\/#primaryimage\"},\"thumbnailUrl\":\"https:\/\/sweet-blackburn.162-19-221-177.plesk.page\/wp-content\/uploads\/2025\/12\/Progetto-senza-titolo-48-scaled.png\",\"datePublished\":\"2022-09-28T06:54:03+00:00\",\"dateModified\":\"2025-12-19T17:13:58+00:00\",\"breadcrumb\":{\"@id\":\"https:\/\/poligraf.cc\/index.php\/stampa\/#breadcrumb\"},\"inLanguage\":\"it-IT\",\"potentialAction\":[{\"@type\":\"ReadAction\",\"target\":[\"https:\/\/poligraf.cc\/index.php\/stampa\/\"]}]},{\"@type\":\"ImageObject\",\"inLanguage\":\"it-IT\",\"@id\":\"https:\/\/poligraf.cc\/index.php\/stampa\/#primaryimage\",\"url\":\"https:\/\/sweet-blackburn.162-19-221-177.plesk.page\/wp-content\/uploads\/2025\/12\/Progetto-senza-titolo-48-scaled.png\",\"contentUrl\":\"https:\/\/sweet-blackburn.162-19-221-177.plesk.page\/wp-content\/uploads\/2025\/12\/Progetto-senza-titolo-48-scaled.png\"},{\"@type\":\"BreadcrumbList\",\"@id\":\"https:\/\/poligraf.cc\/index.php\/stampa\/#breadcrumb\",\"itemListElement\":[{\"@type\":\"ListItem\",\"position\":1,\"name\":\"Home\",\"item\":\"https:\/\/poligraf.cc\/\"},{\"@type\":\"ListItem\",\"position\":2,\"name\":\"Stampa\"}]},{\"@type\":\"WebSite\",\"@id\":\"https:\/\/poligraf.cc\/#website\",\"url\":\"https:\/\/poligraf.cc\/\",\"name\":\"Poligraf\",\"description\":\"\",\"potentialAction\":[{\"@type\":\"SearchAction\",\"target\":{\"@type\":\"EntryPoint\",\"urlTemplate\":\"https:\/\/poligraf.cc\/?s={search_term_string}\"},\"query-input\":{\"@type\":\"PropertyValueSpecification\",\"valueRequired\":true,\"valueName\":\"search_term_string\"}}],\"inLanguage\":\"it-IT\"}]}<\/script>\n<!-- \/ Yoast SEO plugin. -->","yoast_head_json":{"title":"Stampa - Poligraf","robots":{"index":"index","follow":"follow","max-snippet":"max-snippet:-1","max-image-preview":"max-image-preview:large","max-video-preview":"max-video-preview:-1"},"canonical":"https:\/\/poligraf.cc\/index.php\/stampa\/","og_locale":"it_IT","og_type":"article","og_title":"Stampa - Poligraf","og_description":"La stampa \u00e8 il momento in cui ogni progetto prende forma. Grazie alla nostra esperienza poligrafica e a tecnologie di ultima generazione, trasformiamo file digitali in prodotti stampati di alta qualit\u00e0, curati nel dettaglio e pensati per durare nel tempo. La scelta accurata dei supporti, l\u2019attenzione alle esigenze del cliente e il costante controllo cromatico [&hellip;]","og_url":"https:\/\/poligraf.cc\/index.php\/stampa\/","og_site_name":"Poligraf","article_modified_time":"2025-12-19T17:13:58+00:00","og_image":[{"url":"https:\/\/sweet-blackburn.162-19-221-177.plesk.page\/wp-content\/uploads\/2025\/12\/Progetto-senza-titolo-48-scaled.png","type":"","width":"","height":""}],"twitter_card":"summary_large_image","twitter_misc":{"Tempo di lettura stimato":"2 minuti"},"schema":{"@context":"https:\/\/schema.org","@graph":[{"@type":"WebPage","@id":"https:\/\/poligraf.cc\/index.php\/stampa\/","url":"https:\/\/poligraf.cc\/index.php\/stampa\/","name":"Stampa - Poligraf","isPartOf":{"@id":"https:\/\/poligraf.cc\/#website"},"primaryImageOfPage":{"@id":"https:\/\/poligraf.cc\/index.php\/stampa\/#primaryimage"},"image":{"@id":"https:\/\/poligraf.cc\/index.php\/stampa\/#primaryimage"},"thumbnailUrl":"https:\/\/sweet-blackburn.162-19-221-177.plesk.page\/wp-content\/uploads\/2025\/12\/Progetto-senza-titolo-48-scaled.png","datePublished":"2022-09-28T06:54:03+00:00","dateModified":"2025-12-19T17:13:58+00:00","breadcrumb":{"@id":"https:\/\/poligraf.cc\/index.php\/stampa\/#breadcrumb"},"inLanguage":"it-IT","potentialAction":[{"@type":"ReadAction","target":["https:\/\/poligraf.cc\/index.php\/stampa\/"]}]},{"@type":"ImageObject","inLanguage":"it-IT","@id":"https:\/\/poligraf.cc\/index.php\/stampa\/#primaryimage","url":"https:\/\/sweet-blackburn.162-19-221-177.plesk.page\/wp-content\/uploads\/2025\/12\/Progetto-senza-titolo-48-scaled.png","contentUrl":"https:\/\/sweet-blackburn.162-19-221-177.plesk.page\/wp-content\/uploads\/2025\/12\/Progetto-senza-titolo-48-scaled.png"},{"@type":"BreadcrumbList","@id":"https:\/\/poligraf.cc\/index.php\/stampa\/#breadcrumb","itemListElement":[{"@type":"ListItem","position":1,"name":"Home","item":"https:\/\/poligraf.cc\/"},{"@type":"ListItem","position":2,"name":"Stampa"}]},{"@type":"WebSite","@id":"https:\/\/poligraf.cc\/#website","url":"https:\/\/poligraf.cc\/","name":"Poligraf","description":"","potentialAction":[{"@type":"SearchAction","target":{"@type":"EntryPoint","urlTemplate":"https:\/\/poligraf.cc\/?s={search_term_string}"},"query-input":{"@type":"PropertyValueSpecification","valueRequired":true,"valueName":"search_term_string"}}],"inLanguage":"it-IT"}]}},"_links":{"self":[{"href":"https:\/\/poligraf.cc\/index.php\/wp-json\/wp\/v2\/pages\/7881","targetHints":{"allow":["GET"]}}],"collection":[{"href":"https:\/\/poligraf.cc\/index.php\/wp-json\/wp\/v2\/pages"}],"about":[{"href":"https:\/\/poligraf.cc\/index.php\/wp-json\/wp\/v2\/types\/page"}],"author":[{"embeddable":true,"href":"https:\/\/poligraf.cc\/index.php\/wp-json\/wp\/v2\/users\/1"}],"replies":[{"embeddable":true,"href":"https:\/\/poligraf.cc\/index.php\/wp-json\/wp\/v2\/comments?post=7881"}],"version-history":[{"count":19,"href":"https:\/\/poligraf.cc\/index.php\/wp-json\/wp\/v2\/pages\/7881\/revisions"}],"predecessor-version":[{"id":12964,"href":"https:\/\/poligraf.cc\/index.php\/wp-json\/wp\/v2\/pages\/7881\/revisions\/12964"}],"wp:attachment":[{"href":"https:\/\/poligraf.cc\/index.php\/wp-json\/wp\/v2\/media?parent=7881"}],"curies":[{"name":"wp","href":"https:\/\/api.w.org\/{rel}","templated":true}]}}