{"id":12772,"date":"2025-12-12T13:30:17","date_gmt":"2025-12-12T13:30:17","guid":{"rendered":"https:\/\/sweet-blackburn.162-19-221-177.plesk.page\/?page_id=12772"},"modified":"2025-12-19T17:14:31","modified_gmt":"2025-12-19T17:14:31","slug":"pre-stampa","status":"publish","type":"page","link":"https:\/\/poligraf.cc\/index.php\/pre-stampa\/","title":{"rendered":"Pre-stampa"},"content":{"rendered":"\t\t<div data-elementor-type=\"wp-page\" data-elementor-id=\"12772\" class=\"elementor elementor-12772\" data-elementor-post-type=\"page\">\n\t\t\t\t<div class=\"elementor-element elementor-element-a03777f e-flex e-con-boxed e-con e-parent\" data-id=\"a03777f\" data-element_type=\"container\" data-e-type=\"container\">\n\t\t\t\t\t<div class=\"e-con-inner\">\n\t\t<div class=\"elementor-element elementor-element-68b1e8b e-con-full e-flex e-con e-child\" data-id=\"68b1e8b\" data-element_type=\"container\" data-e-type=\"container\">\n\t\t<div class=\"elementor-element elementor-element-5bb16fe e-con-full e-flex e-con e-child\" data-id=\"5bb16fe\" data-element_type=\"container\" data-e-type=\"container\">\n\t\t\t\t<div class=\"elementor-element elementor-element-f610077 elementor-widget elementor-widget-text-editor\" data-id=\"f610077\" data-element_type=\"widget\" data-e-type=\"widget\" data-widget_type=\"text-editor.default\">\n\t\t\t\t\t\t\t\t\t<p><em>La prestampa \u00e8 la fase in cui ogni progetto viene preparato con precisione e competenza prima di trasformarsi in prodotto finale. Grazie all\u2019esperienza dei nostri tecnici e all\u2019utilizzo di tecnologie avanzate, analizziamo, ottimizziamo e perfezioniamo i file digitali per garantire un risultato impeccabile in stampa. Ogni dettaglio viene verificato con cura: dalla gestione del colore alla corretta impostazione grafica, fino all\u2019incisione delle matrici.<\/em><br data-start=\"571\" data-end=\"574\" \/><em>Un lavoro meticoloso che assicura stabilit\u00e0, qualit\u00e0 e fedelt\u00e0 assoluta all\u2019idea originale, anche nelle produzioni pi\u00f9 complesse.<\/em><\/p>\t\t\t\t\t\t\t\t<\/div>\n\t\t\t\t<\/div>\n\t\t\t\t<div class=\"elementor-element elementor-element-9e6a46e elementor-widget elementor-widget-haru-heading\" data-id=\"9e6a46e\" data-element_type=\"widget\" data-e-type=\"widget\" data-widget_type=\"haru-heading.default\">\n\t\t\t\t<div class=\"elementor-widget-container\">\n\t\t\t\t\t<h2 class=\"haru-heading-title haru-heading-title--sub-heading-3\">reparto pre-stampa <\/h2>\t\t\t\t<\/div>\n\t\t\t\t<\/div>\n\t\t\t\t<div class=\"elementor-element elementor-element-3c979dc elementor-widget elementor-widget-haru-heading\" data-id=\"3c979dc\" data-element_type=\"widget\" data-e-type=\"widget\" data-widget_type=\"haru-heading.default\">\n\t\t\t\t<div class=\"elementor-widget-container\">\n\t\t\t\t\t<h2 class=\"haru-heading-title haru-heading-title--heading-9\">Pre-stampa di Alta Qualit\u00e0<\/h2>\t\t\t\t<\/div>\n\t\t\t\t<\/div>\n\t\t\t\t<\/div>\n\t\t\t\t\t<\/div>\n\t\t\t\t<\/div>\n\t\t<div class=\"elementor-element elementor-element-3fc62ab section-bg-gray-3 e-flex e-con-boxed e-con e-parent\" data-id=\"3fc62ab\" data-element_type=\"container\" data-e-type=\"container\">\n\t\t\t\t\t<div class=\"e-con-inner\">\n\t\t<div class=\"elementor-element elementor-element-9cb6f5a e-con-full e-flex e-con e-child\" data-id=\"9cb6f5a\" data-element_type=\"container\" data-e-type=\"container\">\n\t\t\t\t<div class=\"elementor-element elementor-element-4df4e1d elementor-widget elementor-widget-haru-banner\" data-id=\"4df4e1d\" data-element_type=\"widget\" data-e-type=\"widget\" data-widget_type=\"haru-banner.default\">\n\t\t\t\t<div class=\"elementor-widget-container\">\n\t\t\t\t\t\n                            <div class=\"haru-banner haru-banner--style-0 haru-banner--hover-scale\">\n                    \n\t\t\t\t<div class=\"haru-banner__image\">\n\t\t\t\t<img decoding=\"async\" src=\"https:\/\/poligraf.cc\/wp-content\/uploads\/2025\/12\/IMG_7414-scaled.jpg\" alt=\"Poligraf\">\n\t\t\t<\/div>\n\t\n\n\n\n\n\n\n\n\n\n\n\n\n\n                <\/div>\n            \n            \t\t\t\t<\/div>\n\t\t\t\t<\/div>\n\t\t\t\t<\/div>\n\t\t<div class=\"elementor-element elementor-element-d1eea16 e-con-full e-flex e-con e-child\" data-id=\"d1eea16\" data-element_type=\"container\" data-e-type=\"container\">\n\t\t\t\t<div class=\"elementor-element elementor-element-e00d209 elementor-widget elementor-widget-haru-accordion\" data-id=\"e00d209\" data-element_type=\"widget\" data-e-type=\"widget\" data-widget_type=\"haru-accordion.default\">\n\t\t\t\t<div class=\"elementor-widget-container\">\n\t\t\t\t\t\n                          <!--   <div class=\"haru-accordion haru-accordion--style-3\" role=\"tablist\">\n                                    <\/div> -->\n                <div class=\"haru-accordion haru-accordion--style-3\" role=\"tablist\">\n                    \n                                            <div class=\"haru-accordion-item active\">\n                            <div id=\"haru-tab-title-2341\" class=\"haru-tab-title active\" data-tab=\"1\" role=\"tab\" aria-controls=\"haru-tab-content-2341\">\n                                                                    <span class=\"haru-accordion-icon haru-accordion-icon-right\" aria-hidden=\"true\">\n                                                                            <span class=\"haru-accordion-icon-closed\"><i class=\"phosphor phosphor-caret-down\"><\/i><\/span>\n                                        <span class=\"haru-accordion-icon-opened\"><i class=\"phosphor phosphor-caret-up\"><\/i><\/span>\n                                                                        <\/span>\n                                                                <a class=\"haru-accordion-title\" href=\"\">Dove il progetto prende forma<\/a>\n                            <\/div>\n                            <div id=\"haru-tab-content-2341\" class=\"haru-tab-content haru-clearfix active\" data-tab=\"1\" aria-labelledby=\"haru-tab-title-2341\"><p data-start=\"228\" data-end=\"651\">La pre-stampa \u00e8 il passaggio fondamentale in cui ogni progetto viene preparato con cura prima della stampa. I nostri tecnici specializzati, supportati da software professionali, verificano, ottimizzano ed editano i file del cliente, garantendo correttezza cromatica, impaginazione precisa e piena conformit\u00e0 agli standard di produzione. \u00c8 in questa fase che l\u2019idea digitale si trasforma nella matrice perfetta per la stampa.<\/p><\/div>\n                        <\/div>\n                                            <div class=\"haru-accordion-item \">\n                            <div id=\"haru-tab-title-2342\" class=\"haru-tab-title\" data-tab=\"2\" role=\"tab\" aria-controls=\"haru-tab-content-2342\">\n                                                                    <span class=\"haru-accordion-icon haru-accordion-icon-right\" aria-hidden=\"true\">\n                                                                            <span class=\"haru-accordion-icon-closed\"><i class=\"phosphor phosphor-caret-down\"><\/i><\/span>\n                                        <span class=\"haru-accordion-icon-opened\"><i class=\"phosphor phosphor-caret-up\"><\/i><\/span>\n                                                                        <\/span>\n                                                                <a class=\"haru-accordion-title\" href=\"\">Verifica avanzata e incisione delle matrici<\/a>\n                            <\/div>\n                            <div id=\"haru-tab-content-2342\" class=\"haru-tab-content haru-clearfix\" data-tab=\"2\" aria-labelledby=\"haru-tab-title-2342\"><p data-start=\"761\" data-end=\"1119\">Ogni file viene analizzato attraverso procedure dedicate che assicurano qualit\u00e0, uniformit\u00e0 e corretto output. Dopo un controllo approfondito, procediamo alla realizzazione e all\u2019incisione delle lastre tramite sistemi CTP di ultima generazione. Questo processo garantisce definizione elevata, riproducibilit\u00e0 e un risultato impeccabile fin dalle prime copie.<\/p><\/div>\n                        <\/div>\n                                            <div class=\"haru-accordion-item \">\n                            <div id=\"haru-tab-title-2343\" class=\"haru-tab-title\" data-tab=\"3\" role=\"tab\" aria-controls=\"haru-tab-content-2343\">\n                                                                    <span class=\"haru-accordion-icon haru-accordion-icon-right\" aria-hidden=\"true\">\n                                                                            <span class=\"haru-accordion-icon-closed\"><i class=\"phosphor phosphor-caret-down\"><\/i><\/span>\n                                        <span class=\"haru-accordion-icon-opened\"><i class=\"phosphor phosphor-caret-up\"><\/i><\/span>\n                                                                        <\/span>\n                                                                <a class=\"haru-accordion-title\" href=\"\">Strumenti professionali per un flusso impeccabile<\/a>\n                            <\/div>\n                            <div id=\"haru-tab-content-2343\" class=\"haru-tab-content haru-clearfix\" data-tab=\"3\" aria-labelledby=\"haru-tab-title-2343\"><p>Il reparto dispone di un\u2019area FTP dedicata, sicura e protetta da password, dove il cliente pu\u00f2 inviare i propri file in totale tranquillit\u00e0.<br data-start=\"1379\" data-end=\"1382\" \/>La sezione prestampa \u00e8 dotata di un <strong data-start=\"1418\" data-end=\"1450\">CTP Agfa ECO3 formato 164 cm<\/strong>, una tecnologia di nuova installazione che assicura incisione ad alta precisione, rapidit\u00e0 operativa e un\u2019eccellente resa su ogni matrice di stampa.Le nostre linee includono:<\/p><ul><li>KBA 162 \u2013 5 colori<\/li><li>KBA 142 \u2013 4 colori<\/li><\/ul><\/div>\n                        <\/div>\n                    \n                    \n                    \n                                    <\/div>\n                \n            \n            \t\t\t\t<\/div>\n\t\t\t\t<\/div>\n\t\t\t\t<\/div>\n\t\t\t\t\t<\/div>\n\t\t\t\t<\/div>\n\t\t\t\t<\/div>\n\t\t","protected":false},"excerpt":{"rendered":"<p>La prestampa \u00e8 la fase in cui ogni progetto viene preparato con precisione e competenza prima di trasformarsi in prodotto finale. Grazie all\u2019esperienza dei nostri tecnici e all\u2019utilizzo di tecnologie avanzate, analizziamo, ottimizziamo e perfezioniamo i file digitali per garantire un risultato impeccabile in stampa. Ogni dettaglio viene verificato con cura: dalla gestione del colore [&hellip;]<\/p>\n","protected":false},"author":1,"featured_media":0,"parent":0,"menu_order":0,"comment_status":"closed","ping_status":"closed","template":"","meta":{"footnotes":""},"class_list":["post-12772","page","type-page","status-publish","hentry"],"yoast_head":"<!-- This site is optimized with the Yoast SEO plugin v27.2 - https:\/\/yoast.com\/product\/yoast-seo-wordpress\/ -->\n<title>Pre-stampa - Poligraf<\/title>\n<meta name=\"robots\" content=\"index, follow, max-snippet:-1, max-image-preview:large, max-video-preview:-1\" \/>\n<link rel=\"canonical\" href=\"https:\/\/poligraf.cc\/index.php\/pre-stampa\/\" \/>\n<meta property=\"og:locale\" content=\"it_IT\" \/>\n<meta property=\"og:type\" content=\"article\" \/>\n<meta property=\"og:title\" content=\"Pre-stampa - Poligraf\" \/>\n<meta property=\"og:description\" content=\"La prestampa \u00e8 la fase in cui ogni progetto viene preparato con precisione e competenza prima di trasformarsi in prodotto finale. Grazie all\u2019esperienza dei nostri tecnici e all\u2019utilizzo di tecnologie avanzate, analizziamo, ottimizziamo e perfezioniamo i file digitali per garantire un risultato impeccabile in stampa. Ogni dettaglio viene verificato con cura: dalla gestione del colore [&hellip;]\" \/>\n<meta property=\"og:url\" content=\"https:\/\/poligraf.cc\/index.php\/pre-stampa\/\" \/>\n<meta property=\"og:site_name\" content=\"Poligraf\" \/>\n<meta property=\"article:modified_time\" content=\"2025-12-19T17:14:31+00:00\" \/>\n<meta property=\"og:image\" content=\"https:\/\/sweet-blackburn.162-19-221-177.plesk.page\/wp-content\/uploads\/2025\/12\/IMG_7414-scaled.jpg\" \/>\n<meta name=\"twitter:card\" content=\"summary_large_image\" \/>\n<meta name=\"twitter:label1\" content=\"Tempo di lettura stimato\" \/>\n\t<meta name=\"twitter:data1\" content=\"2 minuti\" \/>\n<script type=\"application\/ld+json\" class=\"yoast-schema-graph\">{\"@context\":\"https:\/\/schema.org\",\"@graph\":[{\"@type\":\"WebPage\",\"@id\":\"https:\/\/poligraf.cc\/index.php\/pre-stampa\/\",\"url\":\"https:\/\/poligraf.cc\/index.php\/pre-stampa\/\",\"name\":\"Pre-stampa - Poligraf\",\"isPartOf\":{\"@id\":\"https:\/\/poligraf.cc\/#website\"},\"primaryImageOfPage\":{\"@id\":\"https:\/\/poligraf.cc\/index.php\/pre-stampa\/#primaryimage\"},\"image\":{\"@id\":\"https:\/\/poligraf.cc\/index.php\/pre-stampa\/#primaryimage\"},\"thumbnailUrl\":\"https:\/\/sweet-blackburn.162-19-221-177.plesk.page\/wp-content\/uploads\/2025\/12\/IMG_7414-scaled.jpg\",\"datePublished\":\"2025-12-12T13:30:17+00:00\",\"dateModified\":\"2025-12-19T17:14:31+00:00\",\"breadcrumb\":{\"@id\":\"https:\/\/poligraf.cc\/index.php\/pre-stampa\/#breadcrumb\"},\"inLanguage\":\"it-IT\",\"potentialAction\":[{\"@type\":\"ReadAction\",\"target\":[\"https:\/\/poligraf.cc\/index.php\/pre-stampa\/\"]}]},{\"@type\":\"ImageObject\",\"inLanguage\":\"it-IT\",\"@id\":\"https:\/\/poligraf.cc\/index.php\/pre-stampa\/#primaryimage\",\"url\":\"https:\/\/sweet-blackburn.162-19-221-177.plesk.page\/wp-content\/uploads\/2025\/12\/IMG_7414-scaled.jpg\",\"contentUrl\":\"https:\/\/sweet-blackburn.162-19-221-177.plesk.page\/wp-content\/uploads\/2025\/12\/IMG_7414-scaled.jpg\"},{\"@type\":\"BreadcrumbList\",\"@id\":\"https:\/\/poligraf.cc\/index.php\/pre-stampa\/#breadcrumb\",\"itemListElement\":[{\"@type\":\"ListItem\",\"position\":1,\"name\":\"Home\",\"item\":\"https:\/\/poligraf.cc\/\"},{\"@type\":\"ListItem\",\"position\":2,\"name\":\"Pre-stampa\"}]},{\"@type\":\"WebSite\",\"@id\":\"https:\/\/poligraf.cc\/#website\",\"url\":\"https:\/\/poligraf.cc\/\",\"name\":\"Poligraf\",\"description\":\"\",\"potentialAction\":[{\"@type\":\"SearchAction\",\"target\":{\"@type\":\"EntryPoint\",\"urlTemplate\":\"https:\/\/poligraf.cc\/?s={search_term_string}\"},\"query-input\":{\"@type\":\"PropertyValueSpecification\",\"valueRequired\":true,\"valueName\":\"search_term_string\"}}],\"inLanguage\":\"it-IT\"}]}<\/script>\n<!-- \/ Yoast SEO plugin. -->","yoast_head_json":{"title":"Pre-stampa - Poligraf","robots":{"index":"index","follow":"follow","max-snippet":"max-snippet:-1","max-image-preview":"max-image-preview:large","max-video-preview":"max-video-preview:-1"},"canonical":"https:\/\/poligraf.cc\/index.php\/pre-stampa\/","og_locale":"it_IT","og_type":"article","og_title":"Pre-stampa - Poligraf","og_description":"La prestampa \u00e8 la fase in cui ogni progetto viene preparato con precisione e competenza prima di trasformarsi in prodotto finale. Grazie all\u2019esperienza dei nostri tecnici e all\u2019utilizzo di tecnologie avanzate, analizziamo, ottimizziamo e perfezioniamo i file digitali per garantire un risultato impeccabile in stampa. Ogni dettaglio viene verificato con cura: dalla gestione del colore [&hellip;]","og_url":"https:\/\/poligraf.cc\/index.php\/pre-stampa\/","og_site_name":"Poligraf","article_modified_time":"2025-12-19T17:14:31+00:00","og_image":[{"url":"https:\/\/sweet-blackburn.162-19-221-177.plesk.page\/wp-content\/uploads\/2025\/12\/IMG_7414-scaled.jpg","type":"","width":"","height":""}],"twitter_card":"summary_large_image","twitter_misc":{"Tempo di lettura stimato":"2 minuti"},"schema":{"@context":"https:\/\/schema.org","@graph":[{"@type":"WebPage","@id":"https:\/\/poligraf.cc\/index.php\/pre-stampa\/","url":"https:\/\/poligraf.cc\/index.php\/pre-stampa\/","name":"Pre-stampa - Poligraf","isPartOf":{"@id":"https:\/\/poligraf.cc\/#website"},"primaryImageOfPage":{"@id":"https:\/\/poligraf.cc\/index.php\/pre-stampa\/#primaryimage"},"image":{"@id":"https:\/\/poligraf.cc\/index.php\/pre-stampa\/#primaryimage"},"thumbnailUrl":"https:\/\/sweet-blackburn.162-19-221-177.plesk.page\/wp-content\/uploads\/2025\/12\/IMG_7414-scaled.jpg","datePublished":"2025-12-12T13:30:17+00:00","dateModified":"2025-12-19T17:14:31+00:00","breadcrumb":{"@id":"https:\/\/poligraf.cc\/index.php\/pre-stampa\/#breadcrumb"},"inLanguage":"it-IT","potentialAction":[{"@type":"ReadAction","target":["https:\/\/poligraf.cc\/index.php\/pre-stampa\/"]}]},{"@type":"ImageObject","inLanguage":"it-IT","@id":"https:\/\/poligraf.cc\/index.php\/pre-stampa\/#primaryimage","url":"https:\/\/sweet-blackburn.162-19-221-177.plesk.page\/wp-content\/uploads\/2025\/12\/IMG_7414-scaled.jpg","contentUrl":"https:\/\/sweet-blackburn.162-19-221-177.plesk.page\/wp-content\/uploads\/2025\/12\/IMG_7414-scaled.jpg"},{"@type":"BreadcrumbList","@id":"https:\/\/poligraf.cc\/index.php\/pre-stampa\/#breadcrumb","itemListElement":[{"@type":"ListItem","position":1,"name":"Home","item":"https:\/\/poligraf.cc\/"},{"@type":"ListItem","position":2,"name":"Pre-stampa"}]},{"@type":"WebSite","@id":"https:\/\/poligraf.cc\/#website","url":"https:\/\/poligraf.cc\/","name":"Poligraf","description":"","potentialAction":[{"@type":"SearchAction","target":{"@type":"EntryPoint","urlTemplate":"https:\/\/poligraf.cc\/?s={search_term_string}"},"query-input":{"@type":"PropertyValueSpecification","valueRequired":true,"valueName":"search_term_string"}}],"inLanguage":"it-IT"}]}},"_links":{"self":[{"href":"https:\/\/poligraf.cc\/index.php\/wp-json\/wp\/v2\/pages\/12772","targetHints":{"allow":["GET"]}}],"collection":[{"href":"https:\/\/poligraf.cc\/index.php\/wp-json\/wp\/v2\/pages"}],"about":[{"href":"https:\/\/poligraf.cc\/index.php\/wp-json\/wp\/v2\/types\/page"}],"author":[{"embeddable":true,"href":"https:\/\/poligraf.cc\/index.php\/wp-json\/wp\/v2\/users\/1"}],"replies":[{"embeddable":true,"href":"https:\/\/poligraf.cc\/index.php\/wp-json\/wp\/v2\/comments?post=12772"}],"version-history":[{"count":25,"href":"https:\/\/poligraf.cc\/index.php\/wp-json\/wp\/v2\/pages\/12772\/revisions"}],"predecessor-version":[{"id":12967,"href":"https:\/\/poligraf.cc\/index.php\/wp-json\/wp\/v2\/pages\/12772\/revisions\/12967"}],"wp:attachment":[{"href":"https:\/\/poligraf.cc\/index.php\/wp-json\/wp\/v2\/media?parent=12772"}],"curies":[{"name":"wp","href":"https:\/\/api.w.org\/{rel}","templated":true}]}}